{"id":82,"date":"2021-01-16T11:57:58","date_gmt":"2021-01-16T11:57:58","guid":{"rendered":"https:\/\/web300189.server109.serverconfig.center\/bavpartner\/?page_id=82"},"modified":"2023-12-29T13:09:11","modified_gmt":"2023-12-29T13:09:11","slug":"erstinformation","status":"publish","type":"page","link":"https:\/\/bav-partner.com\/index.php\/erstinformation\/","title":{"rendered":"Erstinformation"},"content":{"rendered":"\t\t<div data-elementor-type=\"wp-page\" data-elementor-id=\"82\" class=\"elementor elementor-82\" data-elementor-settings=\"{&quot;ha_cmc_init_switcher&quot;:&quot;no&quot;}\">\n\t\t\t\t\t\t<section class=\"elementor-section elementor-top-section elementor-element elementor-element-5d5521c elementor-section-boxed elementor-section-height-default elementor-section-height-default jltma-glass-effect-no\" data-id=\"5d5521c\" data-element_type=\"section\" data-e-type=\"section\" data-settings=\"{&quot;_ha_eqh_enable&quot;:false}\">\n\t\t\t\t\t\t<div class=\"elementor-container elementor-column-gap-default\">\n\t\t\t\t\t<div class=\"elementor-column elementor-col-100 elementor-top-column elementor-element elementor-element-d64af22 jltma-glass-effect-no\" data-id=\"d64af22\" data-element_type=\"column\" data-e-type=\"column\">\n\t\t\t<div class=\"elementor-widget-wrap elementor-element-populated\">\n\t\t\t\t\t\t<div class=\"elementor-element elementor-element-e7acd83 jltma-glass-effect-no elementor-widget elementor-widget-text-editor\" data-id=\"e7acd83\" data-element_type=\"widget\" data-e-type=\"widget\" data-widget_type=\"text-editor.default\">\n\t\t\t\t<div class=\"elementor-widget-container\">\n\t\t\t\t\t\t\t\t\t<h3 class=\"font_6\">Erstinformation<\/h3><p class=\"font_8\">\u200b<\/p><p class=\"font_8\">Kundeninformation zur Erf\u00fcllung der gesetzlichen Informationspflicht<\/p><p class=\"font_8\">1. Name, Anschrift und Kontaktdaten:<\/p><p class=\"font_8\">bAV &#8211; Partner &amp; Consulting<\/p><p>Pfeivestlstrasse 7<\/p><p>81243 M\u00fcnchen<\/p><p class=\"font_8\">Tel: \u00a00049-89-88952770<\/p><p class=\"font_8\">E-Mail:\u00a0<a>bav-partner-consult@gmx.com<\/a><\/p><p class=\"font_8\">Vertreten durch :<\/p><p class=\"font_8\">Philipp Burger<\/p><p class=\"font_8\">2. T\u00e4tigkeitsart:<\/p><p class=\"font_8\">Versicherungsmakler mit einer Erlaubnis nach \u00a7 34d Abs. 1 der Gewerbeordnung. (GewO)<\/p><p class=\"font_8\">3. Gemeinsame Registerstelle nach \u00a7 11 a Abs. 1 GewO:<\/p><p class=\"font_8\">Vermittlerregisternummer Versicherungsvermittlung: D-U8JZ-5TWG1-38\u00a0Vermittlerregisternummer<\/p><p class=\"font_8\">Deutscher Industrie- und Handelskammertag (DIHK) e.V. Breite Stra\u00dfe 29<br \/>10178 Berlin<br \/>Telefon: 0180 600 58 50<\/p><p class=\"font_8\">(Festnetzpreis 0,20 Euro\/Anruf; Mobilfunkpreise maximal 0,60 Euro\/Anruf)\u00a0<a>www.vermittlerregister.info<\/a><\/p><p class=\"font_8\">4. Erlaubnisbeh\u00f6rde:<\/p><p class=\"font_8\">Industrie- und Handelskammer f\u00fcr M\u00fcnchen und Oberbayern, Max-Joseph-Stra\u00dfe 2, 80333 M\u00fcnchen<\/p><p class=\"font_8\">5. Offenlegung direkter oder indirekter Beteiligungen \u00fcber 10% an Versicherungsunternehmen oder von Versicherungsunternehmen am Kapital des Versicherungsvermittlers \u00fcber 10%:<\/p><p class=\"font_8\">Die \u00a0bAV &#8211; Partner &amp; Consulting\u00a0h\u00e4lt keine unmittelbare oder mittelbare Beteiligung von mehr als 10% der Stimmrechte oder des Kapitals an einem Versicherungsunternehmen.<\/p><p class=\"font_8\">Ein Versicherungsunternehmen h\u00e4lt keine mittelbare oder unmittelbare Beteiligung von mehr als 10% der Stimmrechte oder des Kapitals an der bAV &#8211; Partner &amp; Consulting<\/p><p class=\"font_8\">6. Schlichtungsstellen:<\/p><p class=\"font_8\">Versicherungsombudsmann e.V.<br \/>Postfach 08 06 32, 10006 Berlin<br \/>Tel.: 0800 3696000 (kostenfrei aus deutschen Telefonnetzen) Fax: 0800 3699000 (kostenfrei aus deutschen Telefonnetzen) Internet:\u00a0<a>www.versicherungsombudsmann.de<\/a><\/p><p class=\"font_8\">Ombudsmann f\u00fcr die Private Kranken- und Pflegeversicherung Postfach 06 02 22, 10052 Berlin<br \/>Tel.: 0800 2550444 (kostenfrei aus deutschen Telefonnetzen)<\/p><p class=\"font_8\">Fax: 030 20458931<br \/>Internet:\u00a0<a>www.pkv-ombudsmann.de<\/a><\/p><p class=\"font_8\">7. Beratung bei der Versicherungsvermittlung:<\/p><p class=\"font_8\">Im Zuge der Vermittlung bietet die bAV &#8211; Partner &amp; Consulting\u00a0eine Beratung gem\u00e4\u00df den gesetzlichen Vorgaben an.<\/p><p class=\"font_8\">8. Informationen \u00fcber Art und Quelle der Verg\u00fctung als Versicherungsmakler:<\/p><p class=\"font_8\">Die Verg\u00fctung der T\u00e4tigkeit erfolgt als:<br \/>&#8211; konkret vereinbarte Zahlung durch den Kunden oder als<br \/>&#8211; in der Versicherungspr\u00e4mie enthaltene Provision, die vom jeweiligen Versicherungsunternehmen ausgezahlt wird oder als<br \/>&#8211; Kombination aus beidem.<br \/>Dies ist jeweils abh\u00e4ngig von den W\u00fcnschen und Bed\u00fcrfnissen des Kunden und den Versicherungsprodukten, welche ggf. vermittelt werden.<\/p>\t\t\t\t\t\t\t\t<\/div>\n\t\t\t\t<\/div>\n\t\t\t\t\t<\/div>\n\t\t<\/div>\n\t\t\t\t\t<\/div>\n\t\t<\/section>\n\t\t\t\t<\/div>\n\t\t","protected":false},"excerpt":{"rendered":"<p>Erstinformation \u200b Kundeninformation zur Erf\u00fcllung der gesetzlichen Informationspflicht 1. Name, Anschrift und Kontaktdaten: bAV &#8211; Partner &amp; Consulting Pfeivestlstrasse 7 81243 M\u00fcnchen Tel: \u00a00049-89-88952770 E-Mail:\u00a0bav-partner-consult@gmx.com Vertreten durch : Philipp Burger&hellip;<\/p>\n","protected":false},"author":1,"featured_media":0,"parent":0,"menu_order":0,"comment_status":"closed","ping_status":"closed","template":"","meta":{"footnotes":""},"class_list":["post-82","page","type-page","status-publish","hentry"],"yoast_head":"<!-- This site is optimized with the Yoast SEO plugin v26.8 - https:\/\/yoast.com\/product\/yoast-seo-wordpress\/ -->\n<title>Erstinformation - bav-partner<\/title>\n<meta name=\"robots\" content=\"index, follow, max-snippet:-1, max-image-preview:large, max-video-preview:-1\" \/>\n<link rel=\"canonical\" href=\"https:\/\/bav-partner.com\/index.php\/erstinformation\/\" \/>\n<meta property=\"og:locale\" content=\"de_DE\" \/>\n<meta property=\"og:type\" content=\"article\" \/>\n<meta property=\"og:title\" content=\"Erstinformation - bav-partner\" \/>\n<meta property=\"og:description\" content=\"Erstinformation \u200b Kundeninformation zur Erf\u00fcllung der gesetzlichen Informationspflicht 1. Name, Anschrift und Kontaktdaten: bAV &#8211; Partner &amp; Consulting Pfeivestlstrasse 7 81243 M\u00fcnchen Tel: \u00a00049-89-88952770 E-Mail:\u00a0bav-partner-consult@gmx.com Vertreten durch : Philipp Burger&hellip;\" \/>\n<meta property=\"og:url\" content=\"https:\/\/bav-partner.com\/index.php\/erstinformation\/\" \/>\n<meta property=\"og:site_name\" content=\"bav-partner\" \/>\n<meta property=\"article:modified_time\" content=\"2023-12-29T13:09:11+00:00\" \/>\n<meta name=\"twitter:card\" content=\"summary_large_image\" \/>\n<meta name=\"twitter:label1\" content=\"Gesch\u00e4tzte Lesezeit\" \/>\n\t<meta name=\"twitter:data1\" content=\"2\u00a0Minuten\" \/>\n<script type=\"application\/ld+json\" class=\"yoast-schema-graph\">{\"@context\":\"https:\/\/schema.org\",\"@graph\":[{\"@type\":\"WebPage\",\"@id\":\"https:\/\/bav-partner.com\/index.php\/erstinformation\/\",\"url\":\"https:\/\/bav-partner.com\/index.php\/erstinformation\/\",\"name\":\"Erstinformation - bav-partner\",\"isPartOf\":{\"@id\":\"https:\/\/bav-partner.com\/#website\"},\"datePublished\":\"2021-01-16T11:57:58+00:00\",\"dateModified\":\"2023-12-29T13:09:11+00:00\",\"breadcrumb\":{\"@id\":\"https:\/\/bav-partner.com\/index.php\/erstinformation\/#breadcrumb\"},\"inLanguage\":\"de\",\"potentialAction\":[{\"@type\":\"ReadAction\",\"target\":[\"https:\/\/bav-partner.com\/index.php\/erstinformation\/\"]}]},{\"@type\":\"BreadcrumbList\",\"@id\":\"https:\/\/bav-partner.com\/index.php\/erstinformation\/#breadcrumb\",\"itemListElement\":[{\"@type\":\"ListItem\",\"position\":1,\"name\":\"Home\",\"item\":\"https:\/\/bav-partner.com\/\"},{\"@type\":\"ListItem\",\"position\":2,\"name\":\"Erstinformation\"}]},{\"@type\":\"WebSite\",\"@id\":\"https:\/\/bav-partner.com\/#website\",\"url\":\"https:\/\/bav-partner.com\/\",\"name\":\"bav-partner\",\"description\":\"\",\"publisher\":{\"@id\":\"https:\/\/bav-partner.com\/#organization\"},\"potentialAction\":[{\"@type\":\"SearchAction\",\"target\":{\"@type\":\"EntryPoint\",\"urlTemplate\":\"https:\/\/bav-partner.com\/?s={search_term_string}\"},\"query-input\":{\"@type\":\"PropertyValueSpecification\",\"valueRequired\":true,\"valueName\":\"search_term_string\"}}],\"inLanguage\":\"de\"},{\"@type\":\"Organization\",\"@id\":\"https:\/\/bav-partner.com\/#organization\",\"name\":\"bav-partner\",\"url\":\"https:\/\/bav-partner.com\/\",\"logo\":{\"@type\":\"ImageObject\",\"inLanguage\":\"de\",\"@id\":\"https:\/\/bav-partner.com\/#\/schema\/logo\/image\/\",\"url\":\"https:\/\/bav-partner.com\/wp-content\/uploads\/2021\/01\/cropped-BAVlogo.png\",\"contentUrl\":\"https:\/\/bav-partner.com\/wp-content\/uploads\/2021\/01\/cropped-BAVlogo.png\",\"width\":146,\"height\":144,\"caption\":\"bav-partner\"},\"image\":{\"@id\":\"https:\/\/bav-partner.com\/#\/schema\/logo\/image\/\"}}]}<\/script>\n<!-- \/ Yoast SEO plugin. -->","yoast_head_json":{"title":"Erstinformation - bav-partner","robots":{"index":"index","follow":"follow","max-snippet":"max-snippet:-1","max-image-preview":"max-image-preview:large","max-video-preview":"max-video-preview:-1"},"canonical":"https:\/\/bav-partner.com\/index.php\/erstinformation\/","og_locale":"de_DE","og_type":"article","og_title":"Erstinformation - bav-partner","og_description":"Erstinformation \u200b Kundeninformation zur Erf\u00fcllung der gesetzlichen Informationspflicht 1. Name, Anschrift und Kontaktdaten: bAV &#8211; Partner &amp; Consulting Pfeivestlstrasse 7 81243 M\u00fcnchen Tel: \u00a00049-89-88952770 E-Mail:\u00a0bav-partner-consult@gmx.com Vertreten durch : Philipp Burger&hellip;","og_url":"https:\/\/bav-partner.com\/index.php\/erstinformation\/","og_site_name":"bav-partner","article_modified_time":"2023-12-29T13:09:11+00:00","twitter_card":"summary_large_image","twitter_misc":{"Gesch\u00e4tzte Lesezeit":"2\u00a0Minuten"},"schema":{"@context":"https:\/\/schema.org","@graph":[{"@type":"WebPage","@id":"https:\/\/bav-partner.com\/index.php\/erstinformation\/","url":"https:\/\/bav-partner.com\/index.php\/erstinformation\/","name":"Erstinformation - bav-partner","isPartOf":{"@id":"https:\/\/bav-partner.com\/#website"},"datePublished":"2021-01-16T11:57:58+00:00","dateModified":"2023-12-29T13:09:11+00:00","breadcrumb":{"@id":"https:\/\/bav-partner.com\/index.php\/erstinformation\/#breadcrumb"},"inLanguage":"de","potentialAction":[{"@type":"ReadAction","target":["https:\/\/bav-partner.com\/index.php\/erstinformation\/"]}]},{"@type":"BreadcrumbList","@id":"https:\/\/bav-partner.com\/index.php\/erstinformation\/#breadcrumb","itemListElement":[{"@type":"ListItem","position":1,"name":"Home","item":"https:\/\/bav-partner.com\/"},{"@type":"ListItem","position":2,"name":"Erstinformation"}]},{"@type":"WebSite","@id":"https:\/\/bav-partner.com\/#website","url":"https:\/\/bav-partner.com\/","name":"bav-partner","description":"","publisher":{"@id":"https:\/\/bav-partner.com\/#organization"},"potentialAction":[{"@type":"SearchAction","target":{"@type":"EntryPoint","urlTemplate":"https:\/\/bav-partner.com\/?s={search_term_string}"},"query-input":{"@type":"PropertyValueSpecification","valueRequired":true,"valueName":"search_term_string"}}],"inLanguage":"de"},{"@type":"Organization","@id":"https:\/\/bav-partner.com\/#organization","name":"bav-partner","url":"https:\/\/bav-partner.com\/","logo":{"@type":"ImageObject","inLanguage":"de","@id":"https:\/\/bav-partner.com\/#\/schema\/logo\/image\/","url":"https:\/\/bav-partner.com\/wp-content\/uploads\/2021\/01\/cropped-BAVlogo.png","contentUrl":"https:\/\/bav-partner.com\/wp-content\/uploads\/2021\/01\/cropped-BAVlogo.png","width":146,"height":144,"caption":"bav-partner"},"image":{"@id":"https:\/\/bav-partner.com\/#\/schema\/logo\/image\/"}}]}},"_links":{"self":[{"href":"https:\/\/bav-partner.com\/index.php\/wp-json\/wp\/v2\/pages\/82","targetHints":{"allow":["GET"]}}],"collection":[{"href":"https:\/\/bav-partner.com\/index.php\/wp-json\/wp\/v2\/pages"}],"about":[{"href":"https:\/\/bav-partner.com\/index.php\/wp-json\/wp\/v2\/types\/page"}],"author":[{"embeddable":true,"href":"https:\/\/bav-partner.com\/index.php\/wp-json\/wp\/v2\/users\/1"}],"replies":[{"embeddable":true,"href":"https:\/\/bav-partner.com\/index.php\/wp-json\/wp\/v2\/comments?post=82"}],"version-history":[{"count":7,"href":"https:\/\/bav-partner.com\/index.php\/wp-json\/wp\/v2\/pages\/82\/revisions"}],"predecessor-version":[{"id":242,"href":"https:\/\/bav-partner.com\/index.php\/wp-json\/wp\/v2\/pages\/82\/revisions\/242"}],"wp:attachment":[{"href":"https:\/\/bav-partner.com\/index.php\/wp-json\/wp\/v2\/media?parent=82"}],"curies":[{"name":"wp","href":"https:\/\/api.w.org\/{rel}","templated":true}]}}