{"id":87,"date":"2021-01-16T12:00:49","date_gmt":"2021-01-16T12:00:49","guid":{"rendered":"https:\/\/web300189.server109.serverconfig.center\/bavpartner\/?page_id=87"},"modified":"2023-12-29T13:11:37","modified_gmt":"2023-12-29T13:11:37","slug":"impressum","status":"publish","type":"page","link":"https:\/\/bav-partner.com\/index.php\/impressum\/","title":{"rendered":"Impressum"},"content":{"rendered":"\t\t<div data-elementor-type=\"wp-page\" data-elementor-id=\"87\" class=\"elementor elementor-87\" data-elementor-settings=\"{&quot;ha_cmc_init_switcher&quot;:&quot;no&quot;}\">\n\t\t\t\t\t\t<section class=\"elementor-section elementor-top-section elementor-element elementor-element-7aaa5e6 elementor-section-boxed elementor-section-height-default elementor-section-height-default jltma-glass-effect-no\" data-id=\"7aaa5e6\" data-element_type=\"section\" data-e-type=\"section\" data-settings=\"{&quot;_ha_eqh_enable&quot;:false}\">\n\t\t\t\t\t\t<div class=\"elementor-container elementor-column-gap-default\">\n\t\t\t\t\t<div class=\"elementor-column elementor-col-100 elementor-top-column elementor-element elementor-element-7ed5e41 jltma-glass-effect-no\" data-id=\"7ed5e41\" data-element_type=\"column\" data-e-type=\"column\">\n\t\t\t<div class=\"elementor-widget-wrap elementor-element-populated\">\n\t\t\t\t\t\t<div class=\"elementor-element elementor-element-c3e7c7d jltma-glass-effect-no elementor-widget elementor-widget-text-editor\" data-id=\"c3e7c7d\" data-element_type=\"widget\" data-e-type=\"widget\" data-widget_type=\"text-editor.default\">\n\t\t\t\t<div class=\"elementor-widget-container\">\n\t\t\t\t\t\t\t\t\t<h4 class=\"font_8\">IMPRESSUM\u00a0<\/h4><p class=\"font_8\">\u200b<\/p><p class=\"font_8\">bAV &#8211; Partner &amp; Consulting<\/p><p class=\"font_8\">Philipp Burger<\/p><p>Pfeivestlstrasse 7<\/p><p class=\"font_8\">DE-81243 M\u00fcnchen<\/p><p class=\"font_8\">Tel.: 0049-89-88952770<\/p><p class=\"font_8\">E-Mail:\u00a0<a>bav-partner-consult@gmx.com<\/a><\/p><p class=\"font_8\">Versicherungsvermittlerregister:\u00a0<a>www.vermittlerregister.infoRegister<\/a>-Nr.:\u00a0D-U8JZ-5TWG1-38<\/p><p class=\"font_8\">Beschwerdeverfahren via Online Streitbeilegung f\u00fcr Verbraucher (OS):\u00a0<a>ec.europa.eu\/consumers\/odr<\/a>. Wir sind weder verpflichtet noch bereit, an dem Streitschlichtungsverfahren teilzunehmen.<\/p><h6 class=\"font_6\">Berufsbezeichnung<\/h6><p class=\"font_8\">Ver\u00adsicherungs\u00admakler mit Erlaubnis nach \u00a7 34d Abs. 1 Gewerbeordnung, Bundesrepublik Deutschland<\/p><p class=\"font_8\">Wenn Sie Fragen hinsichtlich der Verarbeitung Ihrer pers\u00f6nlichen Daten haben, k\u00f6nnen Sie sich direkt an die Gesch\u00e4ftsleitung\u00a0wenden, welche\u00a0auch im Falle von Auskunftsersuchen, Antr\u00e4gen oder Beschwerden zur Verf\u00fcgung steht:<\/p><h6 class=\"font_6\">Angaben zur Verm\u00f6gensschadenhaftpflichtversicherung<\/h6><p class=\"font_8\">Verm\u00f6gensschadens-Haft\u00adpflichtversicherungen mit Deckung i. H. v. 2.500.000.-\u00a0Mio. Euro sind vorhanden bei der Signal\u00a0Versicherung\u00a0<\/p>\t\t\t\t\t\t\t\t<\/div>\n\t\t\t\t<\/div>\n\t\t\t\t\t<\/div>\n\t\t<\/div>\n\t\t\t\t\t<\/div>\n\t\t<\/section>\n\t\t\t\t<section class=\"elementor-section elementor-top-section elementor-element elementor-element-880edc5 elementor-section-boxed elementor-section-height-default elementor-section-height-default jltma-glass-effect-no\" data-id=\"880edc5\" data-element_type=\"section\" data-e-type=\"section\" data-settings=\"{&quot;_ha_eqh_enable&quot;:false}\">\n\t\t\t\t\t\t<div class=\"elementor-container elementor-column-gap-default\">\n\t\t\t\t\t<div class=\"elementor-column elementor-col-100 elementor-top-column elementor-element elementor-element-2767169 jltma-glass-effect-no\" data-id=\"2767169\" data-element_type=\"column\" data-e-type=\"column\">\n\t\t\t<div class=\"elementor-widget-wrap elementor-element-populated\">\n\t\t\t\t\t\t<div class=\"elementor-element elementor-element-0155006 jltma-glass-effect-no elementor-widget elementor-widget-html\" data-id=\"0155006\" data-element_type=\"widget\" data-e-type=\"widget\" data-widget_type=\"html.default\">\n\t\t\t\t<div class=\"elementor-widget-container\">\n\t\t\t\t\t<iframe src=\"https:\/\/kanzlei-michaelis.de\/maklerprotekt_ext.php\u201d width=\u201d225px\u201dheight=\u201d460px\u201d>\t\t\t\t<\/div>\n\t\t\t\t<\/div>\n\t\t\t\t\t<\/div>\n\t\t<\/div>\n\t\t\t\t\t<\/div>\n\t\t<\/section>\n\t\t\t\t<\/div>\n\t\t","protected":false},"excerpt":{"rendered":"<p>IMPRESSUM\u00a0 \u200b bAV &#8211; Partner &amp; Consulting Philipp Burger Pfeivestlstrasse 7 DE-81243 M\u00fcnchen Tel.: 0049-89-88952770 E-Mail:\u00a0bav-partner-consult@gmx.com Versicherungsvermittlerregister:\u00a0www.vermittlerregister.infoRegister-Nr.:\u00a0D-U8JZ-5TWG1-38 Beschwerdeverfahren via Online Streitbeilegung f\u00fcr Verbraucher (OS):\u00a0ec.europa.eu\/consumers\/odr. Wir sind weder verpflichtet noch bereit,&hellip;<\/p>\n","protected":false},"author":1,"featured_media":0,"parent":0,"menu_order":0,"comment_status":"closed","ping_status":"closed","template":"","meta":{"footnotes":""},"class_list":["post-87","page","type-page","status-publish","hentry"],"yoast_head":"<!-- This site is optimized with the Yoast SEO plugin v26.8 - https:\/\/yoast.com\/product\/yoast-seo-wordpress\/ -->\n<title>Impressum - bav-partner<\/title>\n<meta name=\"robots\" content=\"index, follow, max-snippet:-1, max-image-preview:large, max-video-preview:-1\" \/>\n<link rel=\"canonical\" href=\"https:\/\/bav-partner.com\/index.php\/impressum\/\" \/>\n<meta property=\"og:locale\" content=\"de_DE\" \/>\n<meta property=\"og:type\" content=\"article\" \/>\n<meta property=\"og:title\" content=\"Impressum - bav-partner\" \/>\n<meta property=\"og:description\" content=\"IMPRESSUM\u00a0 \u200b bAV &#8211; Partner &amp; Consulting Philipp Burger Pfeivestlstrasse 7 DE-81243 M\u00fcnchen Tel.: 0049-89-88952770 E-Mail:\u00a0bav-partner-consult@gmx.com Versicherungsvermittlerregister:\u00a0www.vermittlerregister.infoRegister-Nr.:\u00a0D-U8JZ-5TWG1-38 Beschwerdeverfahren via Online Streitbeilegung f\u00fcr Verbraucher (OS):\u00a0ec.europa.eu\/consumers\/odr. Wir sind weder verpflichtet noch bereit,&hellip;\" \/>\n<meta property=\"og:url\" content=\"https:\/\/bav-partner.com\/index.php\/impressum\/\" \/>\n<meta property=\"og:site_name\" content=\"bav-partner\" \/>\n<meta property=\"article:modified_time\" content=\"2023-12-29T13:11:37+00:00\" \/>\n<meta name=\"twitter:card\" content=\"summary_large_image\" \/>\n<meta name=\"twitter:label1\" content=\"Gesch\u00e4tzte Lesezeit\" \/>\n\t<meta name=\"twitter:data1\" content=\"1\u00a0Minute\" \/>\n<script type=\"application\/ld+json\" class=\"yoast-schema-graph\">{\"@context\":\"https:\/\/schema.org\",\"@graph\":[{\"@type\":\"WebPage\",\"@id\":\"https:\/\/bav-partner.com\/index.php\/impressum\/\",\"url\":\"https:\/\/bav-partner.com\/index.php\/impressum\/\",\"name\":\"Impressum - bav-partner\",\"isPartOf\":{\"@id\":\"https:\/\/bav-partner.com\/#website\"},\"datePublished\":\"2021-01-16T12:00:49+00:00\",\"dateModified\":\"2023-12-29T13:11:37+00:00\",\"breadcrumb\":{\"@id\":\"https:\/\/bav-partner.com\/index.php\/impressum\/#breadcrumb\"},\"inLanguage\":\"de\",\"potentialAction\":[{\"@type\":\"ReadAction\",\"target\":[\"https:\/\/bav-partner.com\/index.php\/impressum\/\"]}]},{\"@type\":\"BreadcrumbList\",\"@id\":\"https:\/\/bav-partner.com\/index.php\/impressum\/#breadcrumb\",\"itemListElement\":[{\"@type\":\"ListItem\",\"position\":1,\"name\":\"Home\",\"item\":\"https:\/\/bav-partner.com\/\"},{\"@type\":\"ListItem\",\"position\":2,\"name\":\"Impressum\"}]},{\"@type\":\"WebSite\",\"@id\":\"https:\/\/bav-partner.com\/#website\",\"url\":\"https:\/\/bav-partner.com\/\",\"name\":\"bav-partner\",\"description\":\"\",\"publisher\":{\"@id\":\"https:\/\/bav-partner.com\/#organization\"},\"potentialAction\":[{\"@type\":\"SearchAction\",\"target\":{\"@type\":\"EntryPoint\",\"urlTemplate\":\"https:\/\/bav-partner.com\/?s={search_term_string}\"},\"query-input\":{\"@type\":\"PropertyValueSpecification\",\"valueRequired\":true,\"valueName\":\"search_term_string\"}}],\"inLanguage\":\"de\"},{\"@type\":\"Organization\",\"@id\":\"https:\/\/bav-partner.com\/#organization\",\"name\":\"bav-partner\",\"url\":\"https:\/\/bav-partner.com\/\",\"logo\":{\"@type\":\"ImageObject\",\"inLanguage\":\"de\",\"@id\":\"https:\/\/bav-partner.com\/#\/schema\/logo\/image\/\",\"url\":\"https:\/\/bav-partner.com\/wp-content\/uploads\/2021\/01\/cropped-BAVlogo.png\",\"contentUrl\":\"https:\/\/bav-partner.com\/wp-content\/uploads\/2021\/01\/cropped-BAVlogo.png\",\"width\":146,\"height\":144,\"caption\":\"bav-partner\"},\"image\":{\"@id\":\"https:\/\/bav-partner.com\/#\/schema\/logo\/image\/\"}}]}<\/script>\n<!-- \/ Yoast SEO plugin. -->","yoast_head_json":{"title":"Impressum - bav-partner","robots":{"index":"index","follow":"follow","max-snippet":"max-snippet:-1","max-image-preview":"max-image-preview:large","max-video-preview":"max-video-preview:-1"},"canonical":"https:\/\/bav-partner.com\/index.php\/impressum\/","og_locale":"de_DE","og_type":"article","og_title":"Impressum - bav-partner","og_description":"IMPRESSUM\u00a0 \u200b bAV &#8211; Partner &amp; Consulting Philipp Burger Pfeivestlstrasse 7 DE-81243 M\u00fcnchen Tel.: 0049-89-88952770 E-Mail:\u00a0bav-partner-consult@gmx.com Versicherungsvermittlerregister:\u00a0www.vermittlerregister.infoRegister-Nr.:\u00a0D-U8JZ-5TWG1-38 Beschwerdeverfahren via Online Streitbeilegung f\u00fcr Verbraucher (OS):\u00a0ec.europa.eu\/consumers\/odr. Wir sind weder verpflichtet noch bereit,&hellip;","og_url":"https:\/\/bav-partner.com\/index.php\/impressum\/","og_site_name":"bav-partner","article_modified_time":"2023-12-29T13:11:37+00:00","twitter_card":"summary_large_image","twitter_misc":{"Gesch\u00e4tzte Lesezeit":"1\u00a0Minute"},"schema":{"@context":"https:\/\/schema.org","@graph":[{"@type":"WebPage","@id":"https:\/\/bav-partner.com\/index.php\/impressum\/","url":"https:\/\/bav-partner.com\/index.php\/impressum\/","name":"Impressum - bav-partner","isPartOf":{"@id":"https:\/\/bav-partner.com\/#website"},"datePublished":"2021-01-16T12:00:49+00:00","dateModified":"2023-12-29T13:11:37+00:00","breadcrumb":{"@id":"https:\/\/bav-partner.com\/index.php\/impressum\/#breadcrumb"},"inLanguage":"de","potentialAction":[{"@type":"ReadAction","target":["https:\/\/bav-partner.com\/index.php\/impressum\/"]}]},{"@type":"BreadcrumbList","@id":"https:\/\/bav-partner.com\/index.php\/impressum\/#breadcrumb","itemListElement":[{"@type":"ListItem","position":1,"name":"Home","item":"https:\/\/bav-partner.com\/"},{"@type":"ListItem","position":2,"name":"Impressum"}]},{"@type":"WebSite","@id":"https:\/\/bav-partner.com\/#website","url":"https:\/\/bav-partner.com\/","name":"bav-partner","description":"","publisher":{"@id":"https:\/\/bav-partner.com\/#organization"},"potentialAction":[{"@type":"SearchAction","target":{"@type":"EntryPoint","urlTemplate":"https:\/\/bav-partner.com\/?s={search_term_string}"},"query-input":{"@type":"PropertyValueSpecification","valueRequired":true,"valueName":"search_term_string"}}],"inLanguage":"de"},{"@type":"Organization","@id":"https:\/\/bav-partner.com\/#organization","name":"bav-partner","url":"https:\/\/bav-partner.com\/","logo":{"@type":"ImageObject","inLanguage":"de","@id":"https:\/\/bav-partner.com\/#\/schema\/logo\/image\/","url":"https:\/\/bav-partner.com\/wp-content\/uploads\/2021\/01\/cropped-BAVlogo.png","contentUrl":"https:\/\/bav-partner.com\/wp-content\/uploads\/2021\/01\/cropped-BAVlogo.png","width":146,"height":144,"caption":"bav-partner"},"image":{"@id":"https:\/\/bav-partner.com\/#\/schema\/logo\/image\/"}}]}},"_links":{"self":[{"href":"https:\/\/bav-partner.com\/index.php\/wp-json\/wp\/v2\/pages\/87","targetHints":{"allow":["GET"]}}],"collection":[{"href":"https:\/\/bav-partner.com\/index.php\/wp-json\/wp\/v2\/pages"}],"about":[{"href":"https:\/\/bav-partner.com\/index.php\/wp-json\/wp\/v2\/types\/page"}],"author":[{"embeddable":true,"href":"https:\/\/bav-partner.com\/index.php\/wp-json\/wp\/v2\/users\/1"}],"replies":[{"embeddable":true,"href":"https:\/\/bav-partner.com\/index.php\/wp-json\/wp\/v2\/comments?post=87"}],"version-history":[{"count":10,"href":"https:\/\/bav-partner.com\/index.php\/wp-json\/wp\/v2\/pages\/87\/revisions"}],"predecessor-version":[{"id":245,"href":"https:\/\/bav-partner.com\/index.php\/wp-json\/wp\/v2\/pages\/87\/revisions\/245"}],"wp:attachment":[{"href":"https:\/\/bav-partner.com\/index.php\/wp-json\/wp\/v2\/media?parent=87"}],"curies":[{"name":"wp","href":"https:\/\/api.w.org\/{rel}","templated":true}]}}